{"id":15,"date":"2014-02-26T12:50:20","date_gmt":"2014-02-26T12:50:20","guid":{"rendered":"http:\/\/localhost\/meg\/?page_id=6"},"modified":"2014-02-26T12:50:20","modified_gmt":"2014-02-26T12:50:20","slug":"home-page","status":"publish","type":"page","link":"https:\/\/habernova.com\/index.php\/home-page\/","title":{"rendered":"Home page"},"content":{"rendered":"<div id=\"pl-15\"  class=\"panel-layout\" ><div id=\"pg-15-0\"  class=\"panel-grid panel-no-style\" ><div id=\"pgc-15-0-0\"  class=\"panel-grid-cell\" >        <div class=\"widget post_list_medium_widget grid_below_list color-5\">\r\n        <div class=\"widget-title\"><h2>Home with below post<\/h2><\/div>\t\t<div class=\"widget_container\">\r\n        <div class=\"post_list_medium\">\r\n                        \r\n                \r\n              \r\n                \r\n      <\/div>\r\n        <\/div>\r\n        <\/div>\r\n     \r\n                <div class=\"widget main_post_style main_right_post_style_list_scroll clearfix color-3\">\r\n        <div class=\"widget-title\"><h2>Home with right post scroll<\/h2><\/div>\t\t<div class=\"widget_container\">\r\n                    \r\n\t\t\t\r\n\r\n   <\/ul>\r\n  \r\n            <\/div>\r\n        <\/div>\r\n         <\/div>\r\n      \r\n                <div class=\"widget carousel_pagebuilder_wrapper color-11\">\r\n        <div class=\"widget-title\"><h2>Home carousel post<\/h2><\/div>\t\t<div class=\"owl_carousel_builder carousel_pagebuilder\">\r\n        \r\n             \r\n        <\/div>\r\n        <\/div>\r\n     \r\n                <div class=\"widget main_post_style main_right_post_style_list clearfix color-3\">\r\n        <div class=\"widget-title\"><h2>Home with right post<\/h2><\/div>\t\t<div class=\"widget_container\">\r\n                    \r\n\t\t\t\r\n\r\n   <\/ul>\r\n            <\/div>\r\n        <\/div>\r\n         <\/div>\r\n      \r\n        <div class=\"widget two_columns_post builder_two_cols\"> <\/ul>     <\/div>       \r\n        <\/div>\r\n\r\n         <\/ul>    <\/div>        \r\n                    \r\n            \r\n        <\/div>\r\n         <\/div>\r\n      \r\n                <div class=\"widget carousel_pagebuilder_wrapper color-7\">\r\n        <div class=\"widget-title\"><h2>Home carousel post 2col<\/h2><\/div>\t\t<div class=\"owl_carousel_builder_2col carousel_pagebuilder\">\r\n        \r\n           \r\n\r\n    <div class=\"feature-four-column medium-four-columns appear_animation\">     \r\n    <div class=\"image_post feature-item\">\r\n                   <a  href=\"https:\/\/habernova.com\/index.php\/2025\/11\/02\/hello-world\/\" class=\"feature-link\" title=\"Hello world!\">              \r\n<img decoding=\"async\" class=\"no_feature_img\" alt=\"\" src=\"https:\/\/habernova.com\/wp-content\/themes\/nanomag\/img\/feature_img\/medium-feature.jpg\"><\/a>\r\n\r\n<div class=\"caption_overlay_image\">\r\n <h3 class=\"image-post-title columns_post\"><a href=\"https:\/\/habernova.com\/index.php\/2025\/11\/02\/hello-world\/\">Hello world!<\/a><\/h3>      \r\n<p class=\"post-meta meta-main-img\"><span class=\"post-author\"><img alt='' src='https:\/\/secure.gravatar.com\/avatar\/18651a33fcef6481f7854e132d6f39bff6fa889b53ef8860bc306bb9d47f6547?s=16&#038;d=mm&#038;r=g' srcset='https:\/\/secure.gravatar.com\/avatar\/18651a33fcef6481f7854e132d6f39bff6fa889b53ef8860bc306bb9d47f6547?s=32&#038;d=mm&#038;r=g 2x' class='avatar avatar-16 photo' height='16' width='16' \/><a href=\"https:\/\/habernova.com\/index.php\/author\/habernova\/\" title=\"habernova taraf\u0131ndan yaz\u0131lan yaz\u0131lar\" rel=\"author\">habernova<\/a><\/span><span class=\"post-date\"><i class=\"fa fa-clock-o\"><\/i><span>02\/11\/2025<\/span><\/span><\/p><\/div>\r\n                     <\/div>\r\n\r\n    <\/div>\r\n         \r\n              \r\n                   \r\n\r\n    <div class=\"feature-four-column medium-four-columns appear_animation\">     \r\n    <div class=\"image_post feature-item\">\r\n                   <a  href=\"https:\/\/habernova.com\/index.php\/2014\/02\/26\/trip-at-day-time-for-capture-blue-sky\/\" class=\"feature-link\" title=\"Trip day time for capture blue sky\">              \r\n<span class=\"overlay_icon fa fa-volume-up\"><\/span><\/a>\r\n\r\n<div class=\"caption_overlay_image\">\r\n <h3 class=\"image-post-title columns_post\"><a href=\"https:\/\/habernova.com\/index.php\/2014\/02\/26\/trip-at-day-time-for-capture-blue-sky\/\">Trip day time for capture blue sky<\/a><\/h3>      \r\n<p class=\"post-meta meta-main-img\"><span class=\"post-author\"><img alt='' src='https:\/\/secure.gravatar.com\/avatar\/18651a33fcef6481f7854e132d6f39bff6fa889b53ef8860bc306bb9d47f6547?s=16&#038;d=mm&#038;r=g' srcset='https:\/\/secure.gravatar.com\/avatar\/18651a33fcef6481f7854e132d6f39bff6fa889b53ef8860bc306bb9d47f6547?s=32&#038;d=mm&#038;r=g 2x' class='avatar avatar-16 photo' height='16' width='16' \/><a href=\"https:\/\/habernova.com\/index.php\/author\/habernova\/\" title=\"habernova taraf\u0131ndan yaz\u0131lan yaz\u0131lar\" rel=\"author\">habernova<\/a><\/span><span class=\"post-date\"><i class=\"fa fa-clock-o\"><\/i><span>26\/02\/2014<\/span><\/span><\/p><\/div>\r\n                     <\/div>\r\n\r\n    <\/div>\r\n         \r\n              \r\n                   \r\n\r\n    <div class=\"feature-four-column medium-four-columns appear_animation\">     \r\n    <div class=\"image_post feature-item\">\r\n                   <a  href=\"https:\/\/habernova.com\/index.php\/2014\/02\/26\/it-not-easy-learn-to-control-color\/\" class=\"feature-link\" title=\"It not easy learn to control color\">              \r\n<span class=\"overlay_icon fa fa-volume-up\"><\/span><\/a>\r\n\r\n<div class=\"caption_overlay_image\">\r\n <h3 class=\"image-post-title columns_post\"><a href=\"https:\/\/habernova.com\/index.php\/2014\/02\/26\/it-not-easy-learn-to-control-color\/\">It not easy learn to control color<\/a><\/h3>      \r\n<p class=\"post-meta meta-main-img\"><span class=\"post-author\"><img alt='' src='https:\/\/secure.gravatar.com\/avatar\/18651a33fcef6481f7854e132d6f39bff6fa889b53ef8860bc306bb9d47f6547?s=16&#038;d=mm&#038;r=g' srcset='https:\/\/secure.gravatar.com\/avatar\/18651a33fcef6481f7854e132d6f39bff6fa889b53ef8860bc306bb9d47f6547?s=32&#038;d=mm&#038;r=g 2x' class='avatar avatar-16 photo' height='16' width='16' \/><a href=\"https:\/\/habernova.com\/index.php\/author\/habernova\/\" title=\"habernova taraf\u0131ndan yaz\u0131lan yaz\u0131lar\" rel=\"author\">habernova<\/a><\/span><span class=\"post-date\"><i class=\"fa fa-clock-o\"><\/i><span>26\/02\/2014<\/span><\/span><\/p><\/div>\r\n                     <\/div>\r\n\r\n    <\/div>\r\n         \r\n              \r\n                   \r\n\r\n    <div class=\"feature-four-column medium-four-columns appear_animation\">     \r\n    <div class=\"image_post feature-item\">\r\n                   <a  href=\"https:\/\/habernova.com\/index.php\/2014\/02\/26\/ready-for-move-around-city-with-this-colorful-bus\/\" class=\"feature-link\" title=\"Ready to go around city with this bus\">              \r\n<span class=\"overlay_icon fa fa-play-circle-o\"><\/span><\/a>\r\n\r\n<div class=\"caption_overlay_image\">\r\n <h3 class=\"image-post-title columns_post\"><a href=\"https:\/\/habernova.com\/index.php\/2014\/02\/26\/ready-for-move-around-city-with-this-colorful-bus\/\">Ready to go around city with this bus<\/a><\/h3>      \r\n<p class=\"post-meta meta-main-img\"><span class=\"post-author\"><img alt='' src='https:\/\/secure.gravatar.com\/avatar\/18651a33fcef6481f7854e132d6f39bff6fa889b53ef8860bc306bb9d47f6547?s=16&#038;d=mm&#038;r=g' srcset='https:\/\/secure.gravatar.com\/avatar\/18651a33fcef6481f7854e132d6f39bff6fa889b53ef8860bc306bb9d47f6547?s=32&#038;d=mm&#038;r=g 2x' class='avatar avatar-16 photo' height='16' width='16' \/><a href=\"https:\/\/habernova.com\/index.php\/author\/habernova\/\" title=\"habernova taraf\u0131ndan yaz\u0131lan yaz\u0131lar\" rel=\"author\">habernova<\/a><\/span><span class=\"post-date\"><i class=\"fa fa-clock-o\"><\/i><span>26\/02\/2014<\/span><\/span><\/p><\/div>\r\n                     <\/div>\r\n\r\n    <\/div>\r\n         \r\n              \r\n                     \r\n        <\/div>\r\n        <\/div>\r\n     \r\n        <\/div><\/div><\/div>","protected":false},"excerpt":{"rendered":"","protected":false},"author":1,"featured_media":0,"parent":0,"menu_order":0,"comment_status":"open","ping_status":"open","template":"home-page.php","meta":{"footnotes":""},"class_list":["post-15","page","type-page","status-publish","hentry"],"_links":{"self":[{"href":"https:\/\/habernova.com\/index.php\/wp-json\/wp\/v2\/pages\/15","targetHints":{"allow":["GET"]}}],"collection":[{"href":"https:\/\/habernova.com\/index.php\/wp-json\/wp\/v2\/pages"}],"about":[{"href":"https:\/\/habernova.com\/index.php\/wp-json\/wp\/v2\/types\/page"}],"author":[{"embeddable":true,"href":"https:\/\/habernova.com\/index.php\/wp-json\/wp\/v2\/users\/1"}],"replies":[{"embeddable":true,"href":"https:\/\/habernova.com\/index.php\/wp-json\/wp\/v2\/comments?post=15"}],"version-history":[{"count":0,"href":"https:\/\/habernova.com\/index.php\/wp-json\/wp\/v2\/pages\/15\/revisions"}],"wp:attachment":[{"href":"https:\/\/habernova.com\/index.php\/wp-json\/wp\/v2\/media?parent=15"}],"curies":[{"name":"wp","href":"https:\/\/api.w.org\/{rel}","templated":true}]}}