{"id":374,"date":"2015-01-16T15:53:59","date_gmt":"2015-01-16T15:53:59","guid":{"rendered":"http:\/\/jellywp.com\/theme\/nanomag\/?page_id=374"},"modified":"2015-01-16T15:53:59","modified_gmt":"2015-01-16T15:53:59","slug":"contact","status":"publish","type":"page","link":"https:\/\/habernova.com\/index.php\/contact\/","title":{"rendered":"Contact"},"content":{"rendered":"<p><iframe loading=\"lazy\" style=\"border: 0;\" src=\"https:\/\/www.google.com\/maps\/embed?pb=!1m18!1m12!1m3!1d24185.731896505982!2d-74.11900614575289!3d40.73526168435499!2m3!1f0!2f0!3f0!3m2!1i1024!2i768!4f13.1!3m3!1m2!1s0x89c254b5958982c3%3A0xb6ab3931055a2612!2sEast+Orange%2C+NJ%2C+USA!5e0!3m2!1sen!2skh!4v1421423552671\" width=\"100%\" height=\"300\" frameborder=\"0\"><\/iframe><\/p>\n<p class=\"wpcf7-contact-form-not-found\"><strong>Hata:<\/strong> \u0130leti\u015fim formu bulunamad\u0131.<\/p>\n","protected":false},"excerpt":{"rendered":"","protected":false},"author":1,"featured_media":0,"parent":0,"menu_order":0,"comment_status":"open","ping_status":"open","template":"","meta":{"footnotes":""},"class_list":["post-374","page","type-page","status-publish","hentry"],"_links":{"self":[{"href":"https:\/\/habernova.com\/index.php\/wp-json\/wp\/v2\/pages\/374","targetHints":{"allow":["GET"]}}],"collection":[{"href":"https:\/\/habernova.com\/index.php\/wp-json\/wp\/v2\/pages"}],"about":[{"href":"https:\/\/habernova.com\/index.php\/wp-json\/wp\/v2\/types\/page"}],"author":[{"embeddable":true,"href":"https:\/\/habernova.com\/index.php\/wp-json\/wp\/v2\/users\/1"}],"replies":[{"embeddable":true,"href":"https:\/\/habernova.com\/index.php\/wp-json\/wp\/v2\/comments?post=374"}],"version-history":[{"count":0,"href":"https:\/\/habernova.com\/index.php\/wp-json\/wp\/v2\/pages\/374\/revisions"}],"wp:attachment":[{"href":"https:\/\/habernova.com\/index.php\/wp-json\/wp\/v2\/media?parent=374"}],"curies":[{"name":"wp","href":"https:\/\/api.w.org\/{rel}","templated":true}]}}